{"id":10,"date":"2023-09-10T00:00:12","date_gmt":"2023-09-10T00:00:12","guid":{"rendered":"https:\/\/geoss.com.mx\/wordpress\/?page_id=10"},"modified":"2023-10-08T20:55:51","modified_gmt":"2023-10-08T20:55:51","slug":"hermosos-portafolios-para-creativos-excepcionales","status":"publish","type":"page","link":"https:\/\/geoss.com.mx\/","title":{"rendered":"GEOSS"},"content":{"rendered":"\n<p class=\"has-text-align-center\"><meta charset=\"utf-8\"><\/p>\n\n\n\n<p class=\"has-text-color has-medium-font-size\" style=\"color:#003a74\"><em><strong>Geoss es una empresa geof\u00edsica que brinda estudios para el uso de suelos, obra civil y la exploraci\u00f3n de recurso h\u00eddrico, as\u00ed tambi\u00e9n como estudios de gesti\u00f3n ambiental.<\/strong><\/em><\/p>\n\n\n\n<p class=\"has-text-color has-medium-font-size\" style=\"color:#003a74\"><em>Nos caracterizamos por brindar estudios de diversas metodolog\u00edas geof\u00edsicas tales como \u2018<strong>Tomograf\u00edas el\u00e9ctricas, Sondeos El\u00e9ctricos Verticales, Gravimetr\u00eda, Magnetometr\u00eda y TDEM.<\/strong><\/em><\/p>\n\n\n<style id=\"wpforms-css-vars-root\">\n\t\t\t\t:root {\n\t\t\t\t\t--wpforms-field-border-radius: 3px;\n--wpforms-field-background-color: #ffffff;\n--wpforms-field-border-color: rgba( 0, 0, 0, 0.25 );\n--wpforms-field-text-color: rgba( 0, 0, 0, 0.7 );\n--wpforms-label-color: rgba( 0, 0, 0, 0.85 );\n--wpforms-label-sublabel-color: rgba( 0, 0, 0, 0.55 );\n--wpforms-label-error-color: #d63637;\n--wpforms-button-border-radius: 3px;\n--wpforms-button-background-color: #066aab;\n--wpforms-button-text-color: #ffffff;\n--wpforms-field-size-input-height: 43px;\n--wpforms-field-size-input-spacing: 15px;\n--wpforms-field-size-font-size: 16px;\n--wpforms-field-size-line-height: 19px;\n--wpforms-field-size-padding-h: 14px;\n--wpforms-field-size-checkbox-size: 16px;\n--wpforms-field-size-sublabel-spacing: 5px;\n--wpforms-field-size-icon-size: 1;\n--wpforms-label-size-font-size: 16px;\n--wpforms-label-size-line-height: 19px;\n--wpforms-label-size-sublabel-font-size: 14px;\n--wpforms-label-size-sublabel-line-height: 17px;\n--wpforms-button-size-font-size: 17px;\n--wpforms-button-size-height: 41px;\n--wpforms-button-size-padding-h: 15px;\n--wpforms-button-size-margin-top: 10px;\n\n\t\t\t\t}\n\t\t\t<\/style><div class=\"wpforms-container wpforms-container-full wpforms-block wpforms-block-4cb0e1ab-44b2-47ea-80a6-aa46bedf53db wpforms-render-modern\" id=\"wpforms-152\"><form id=\"wpforms-form-152\" class=\"wpforms-validate wpforms-form wpforms-ajax-form\" data-formid=\"152\" method=\"post\" enctype=\"multipart\/form-data\" action=\"\/index.php\/wp-json\/wp\/v2\/pages\/10\" data-token=\"4a64d09e60203e4f6d9b47fe8edda95c\"><noscript class=\"wpforms-error-noscript\">Por favor, activa JavaScript en tu navegador para completar este formulario.<\/noscript><div class=\"wpforms-hidden\" id=\"wpforms-error-noscript\">Por favor, activa JavaScript en tu navegador para completar este formulario.<\/div><div class=\"wpforms-field-container\"><div id=\"wpforms-152-field_0-container\" class=\"wpforms-field wpforms-field-name\" data-field-id=\"0\"><fieldset><legend class=\"wpforms-field-label\">Nombre <span class=\"wpforms-required-label\" aria-hidden=\"true\">*<\/span><\/legend><div class=\"wpforms-field-row wpforms-field-medium\"><div class=\"wpforms-field-row-block wpforms-first wpforms-one-half\"><input type=\"text\" id=\"wpforms-152-field_0\" class=\"wpforms-field-name-first wpforms-field-required\" name=\"wpforms[fields][0][first]\" aria-errormessage=\"wpforms-152-field_0-error\" required><label for=\"wpforms-152-field_0\" class=\"wpforms-field-sublabel after \">Nombre<\/label><\/div><div class=\"wpforms-field-row-block wpforms-one-half\"><input type=\"text\" id=\"wpforms-152-field_0-last\" class=\"wpforms-field-name-last wpforms-field-required\" name=\"wpforms[fields][0][last]\" aria-errormessage=\"wpforms-152-field_0-last-error\" required><label for=\"wpforms-152-field_0-last\" class=\"wpforms-field-sublabel after \">Apellidos<\/label><\/div><\/div><\/fieldset><\/div><div id=\"wpforms-152-field_1-container\" class=\"wpforms-field wpforms-field-email\" data-field-id=\"1\"><label class=\"wpforms-field-label\" for=\"wpforms-152-field_1\">Correo electr\u00f3nico <span class=\"wpforms-required-label\" aria-hidden=\"true\">*<\/span><\/label><input type=\"email\" id=\"wpforms-152-field_1\" class=\"wpforms-field-medium wpforms-field-required\" name=\"wpforms[fields][1]\" spellcheck=\"false\" aria-errormessage=\"wpforms-152-field_1-error\" required><\/div><div id=\"wpforms-152-field_2-container\" class=\"wpforms-field wpforms-field-textarea\" data-field-id=\"2\"><label class=\"wpforms-field-label\" for=\"wpforms-152-field_2\">Comentario o mensaje<\/label><textarea id=\"wpforms-152-field_2\" class=\"wpforms-field-medium\" name=\"wpforms[fields][2]\" aria-errormessage=\"wpforms-152-field_2-error\" ><\/textarea><\/div><\/div><!-- .wpforms-field-container --><div class=\"wpforms-submit-container\" ><input type=\"hidden\" name=\"wpforms[id]\" value=\"152\"><input type=\"hidden\" name=\"wpforms[author]\" value=\"1\"><button type=\"submit\" name=\"wpforms[submit]\" id=\"wpforms-submit-152\" class=\"wpforms-submit\" data-alt-text=\"Enviando...\" data-submit-text=\"Enviar\" aria-live=\"assertive\" value=\"wpforms-submit\">Enviar<\/button><img loading=\"lazy\" decoding=\"async\" src=\"https:\/\/geoss.com.mx\/wp-content\/plugins\/wpforms-lite\/assets\/images\/submit-spin.svg\" class=\"wpforms-submit-spinner\" style=\"display: none;\" width=\"26\" height=\"26\" alt=\"Cargando\"><\/div><\/form><\/div>  <!-- .wpforms-container -->\n\n\n<div class=\"wp-block-cover alignfull\"><span aria-hidden=\"true\" class=\"wp-block-cover__background has-black-background-color has-background-dim-100 has-background-dim\"><\/span><div class=\"wp-block-cover__inner-container is-layout-flow wp-block-cover-is-layout-flow\">\n<div class=\"wp-block-columns alignfull is-layout-flex wp-container-core-columns-is-layout-9d6595d7 wp-block-columns-is-layout-flex\">\n<div class=\"wp-block-column is-vertically-aligned-top is-layout-flow wp-block-column-is-layout-flow\"><\/div>\n\n\n\n<div class=\"wp-block-column is-layout-flow wp-block-column-is-layout-flow\">\n<p class=\"has-text-align-left\">Cel: 4446707763<\/p>\n\n\n\n<p class=\"has-text-align-left\">Emails:&nbsp;<\/p>\n\n\n\n<p><a href=\"mailto:contacto@geoss.com.mx\">contacto@geoss.com.mx<\/a><\/p>\n\n\n\n<p><img loading=\"lazy\" decoding=\"async\" width=\"30\" height=\"30\" class=\"wp-image-571\" style=\"width: 30px;\" src=\"https:\/\/geoss.com.mx\/wp-content\/uploads\/2023\/10\/2021_Facebook_icon.svg_-3.png\" alt=\"\"> <a href=\"https:\/\/www.facebook.com\/geoss.serv.geofisicos.geologicos\">GEOSS, servicios geof\u00edsicos y geol\u00f3gicos<\/a><\/p>\n<\/div>\n\n\n\n<div class=\"wp-block-column is-layout-flow wp-block-column-is-layout-flow\">\n<figure class=\"wp-block-image size-full is-resized\"><img loading=\"lazy\" decoding=\"async\" width=\"931\" height=\"394\" src=\"https:\/\/geoss.com.mx\/wp-content\/uploads\/2023\/09\/geospng-01-copia.png\" alt=\"\" class=\"wp-image-301\" style=\"width:335px;height:141px\" srcset=\"https:\/\/geoss.com.mx\/wp-content\/uploads\/2023\/09\/geospng-01-copia.png 931w, https:\/\/geoss.com.mx\/wp-content\/uploads\/2023\/09\/geospng-01-copia-300x127.png 300w, https:\/\/geoss.com.mx\/wp-content\/uploads\/2023\/09\/geospng-01-copia-768x325.png 768w\" sizes=\"auto, (max-width: 931px) 100vw, 931px\" \/><\/figure>\n<\/div>\n\n\n\n<div class=\"wp-block-column is-layout-flow wp-block-column-is-layout-flow\"><\/div>\n<\/div>\n<\/div><\/div>\n","protected":false},"excerpt":{"rendered":"<p>Geoss es una empresa geof\u00edsica que brinda estudios para el uso de suelos, obra civil y la exploraci\u00f3n de recurso h\u00eddrico, as\u00ed tambi\u00e9n como estudios de gesti\u00f3n ambiental. Nos caracterizamos por brindar estudios de diversas metodolog\u00edas geof\u00edsicas tales como \u2018Tomograf\u00edas el\u00e9ctricas, Sondeos El\u00e9ctricos Verticales, Gravimetr\u00eda, Magnetometr\u00eda y TDEM.<\/p>\n","protected":false},"author":1,"featured_media":144,"parent":0,"menu_order":0,"comment_status":"closed","ping_status":"closed","template":"","meta":{"footnotes":""},"class_list":["post-10","page","type-page","status-publish","has-post-thumbnail","hentry"],"yoast_head":"<!-- This site is optimized with the Yoast SEO plugin v21.1 - https:\/\/yoast.com\/wordpress\/plugins\/seo\/ -->\n<title>GEOSS - Geoss<\/title>\n<meta name=\"robots\" content=\"noindex, follow, max-snippet:-1, max-image-preview:large, max-video-preview:-1\" \/>\n<meta property=\"og:locale\" content=\"es_ES\" \/>\n<meta property=\"og:type\" content=\"article\" \/>\n<meta property=\"og:title\" content=\"GEOSS - Geoss\" \/>\n<meta property=\"og:description\" content=\"Geoss es una empresa geof\u00edsica que brinda estudios para el uso de suelos, obra civil y la exploraci\u00f3n de recurso h\u00eddrico, as\u00ed tambi\u00e9n como estudios de gesti\u00f3n ambiental. Nos caracterizamos por brindar estudios de diversas metodolog\u00edas geof\u00edsicas tales como \u2018Tomograf\u00edas el\u00e9ctricas, Sondeos El\u00e9ctricos Verticales, Gravimetr\u00eda, Magnetometr\u00eda y TDEM.\" \/>\n<meta property=\"og:url\" content=\"https:\/\/geoss.com.mx\/\" \/>\n<meta property=\"og:site_name\" content=\"Geoss\" \/>\n<meta property=\"article:modified_time\" content=\"2023-10-08T20:55:51+00:00\" \/>\n<meta property=\"og:image\" content=\"https:\/\/geoss.com.mx\/wp-content\/uploads\/2023\/09\/WhatsApp-Image-2023-08-19-at-4.30.28-PM.jpeg\" \/>\n\t<meta property=\"og:image:width\" content=\"1280\" \/>\n\t<meta property=\"og:image:height\" content=\"960\" \/>\n\t<meta property=\"og:image:type\" content=\"image\/jpeg\" \/>\n<meta name=\"twitter:card\" content=\"summary_large_image\" \/>\n<meta name=\"twitter:label1\" content=\"Tiempo de lectura\" \/>\n\t<meta name=\"twitter:data1\" content=\"1 minuto\" \/>\n<script type=\"application\/ld+json\" class=\"yoast-schema-graph\">{\"@context\":\"https:\/\/schema.org\",\"@graph\":[{\"@type\":\"WebPage\",\"@id\":\"https:\/\/geoss.com.mx\/\",\"url\":\"https:\/\/geoss.com.mx\/\",\"name\":\"GEOSS - Geoss\",\"isPartOf\":{\"@id\":\"https:\/\/geoss.com.mx\/#website\"},\"datePublished\":\"2023-09-10T00:00:12+00:00\",\"dateModified\":\"2023-10-08T20:55:51+00:00\",\"breadcrumb\":{\"@id\":\"https:\/\/geoss.com.mx\/#breadcrumb\"},\"inLanguage\":\"es\",\"potentialAction\":[{\"@type\":\"ReadAction\",\"target\":[\"https:\/\/geoss.com.mx\/\"]}]},{\"@type\":\"BreadcrumbList\",\"@id\":\"https:\/\/geoss.com.mx\/#breadcrumb\",\"itemListElement\":[{\"@type\":\"ListItem\",\"position\":1,\"name\":\"Portada\",\"item\":\"https:\/\/geoss.com.mx\/\"},{\"@type\":\"ListItem\",\"position\":2,\"name\":\"GEOSS\"}]},{\"@type\":\"WebSite\",\"@id\":\"https:\/\/geoss.com.mx\/#website\",\"url\":\"https:\/\/geoss.com.mx\/\",\"name\":\"Geoss\",\"description\":\"\",\"potentialAction\":[{\"@type\":\"SearchAction\",\"target\":{\"@type\":\"EntryPoint\",\"urlTemplate\":\"https:\/\/geoss.com.mx\/?s={search_term_string}\"},\"query-input\":\"required name=search_term_string\"}],\"inLanguage\":\"es\"}]}<\/script>\n<!-- \/ Yoast SEO plugin. -->","yoast_head_json":{"title":"GEOSS - Geoss","robots":{"index":"noindex","follow":"follow","max-snippet":"max-snippet:-1","max-image-preview":"max-image-preview:large","max-video-preview":"max-video-preview:-1"},"og_locale":"es_ES","og_type":"article","og_title":"GEOSS - Geoss","og_description":"Geoss es una empresa geof\u00edsica que brinda estudios para el uso de suelos, obra civil y la exploraci\u00f3n de recurso h\u00eddrico, as\u00ed tambi\u00e9n como estudios de gesti\u00f3n ambiental. Nos caracterizamos por brindar estudios de diversas metodolog\u00edas geof\u00edsicas tales como \u2018Tomograf\u00edas el\u00e9ctricas, Sondeos El\u00e9ctricos Verticales, Gravimetr\u00eda, Magnetometr\u00eda y TDEM.","og_url":"https:\/\/geoss.com.mx\/","og_site_name":"Geoss","article_modified_time":"2023-10-08T20:55:51+00:00","og_image":[{"width":1280,"height":960,"url":"https:\/\/geoss.com.mx\/wp-content\/uploads\/2023\/09\/WhatsApp-Image-2023-08-19-at-4.30.28-PM.jpeg","type":"image\/jpeg"}],"twitter_card":"summary_large_image","twitter_misc":{"Tiempo de lectura":"1 minuto"},"schema":{"@context":"https:\/\/schema.org","@graph":[{"@type":"WebPage","@id":"https:\/\/geoss.com.mx\/","url":"https:\/\/geoss.com.mx\/","name":"GEOSS - Geoss","isPartOf":{"@id":"https:\/\/geoss.com.mx\/#website"},"datePublished":"2023-09-10T00:00:12+00:00","dateModified":"2023-10-08T20:55:51+00:00","breadcrumb":{"@id":"https:\/\/geoss.com.mx\/#breadcrumb"},"inLanguage":"es","potentialAction":[{"@type":"ReadAction","target":["https:\/\/geoss.com.mx\/"]}]},{"@type":"BreadcrumbList","@id":"https:\/\/geoss.com.mx\/#breadcrumb","itemListElement":[{"@type":"ListItem","position":1,"name":"Portada","item":"https:\/\/geoss.com.mx\/"},{"@type":"ListItem","position":2,"name":"GEOSS"}]},{"@type":"WebSite","@id":"https:\/\/geoss.com.mx\/#website","url":"https:\/\/geoss.com.mx\/","name":"Geoss","description":"","potentialAction":[{"@type":"SearchAction","target":{"@type":"EntryPoint","urlTemplate":"https:\/\/geoss.com.mx\/?s={search_term_string}"},"query-input":"required name=search_term_string"}],"inLanguage":"es"}]}},"_links":{"self":[{"href":"https:\/\/geoss.com.mx\/index.php\/wp-json\/wp\/v2\/pages\/10","targetHints":{"allow":["GET"]}}],"collection":[{"href":"https:\/\/geoss.com.mx\/index.php\/wp-json\/wp\/v2\/pages"}],"about":[{"href":"https:\/\/geoss.com.mx\/index.php\/wp-json\/wp\/v2\/types\/page"}],"author":[{"embeddable":true,"href":"https:\/\/geoss.com.mx\/index.php\/wp-json\/wp\/v2\/users\/1"}],"replies":[{"embeddable":true,"href":"https:\/\/geoss.com.mx\/index.php\/wp-json\/wp\/v2\/comments?post=10"}],"version-history":[{"count":29,"href":"https:\/\/geoss.com.mx\/index.php\/wp-json\/wp\/v2\/pages\/10\/revisions"}],"predecessor-version":[{"id":417,"href":"https:\/\/geoss.com.mx\/index.php\/wp-json\/wp\/v2\/pages\/10\/revisions\/417"}],"wp:featuredmedia":[{"embeddable":true,"href":"https:\/\/geoss.com.mx\/index.php\/wp-json\/wp\/v2\/media\/144"}],"wp:attachment":[{"href":"https:\/\/geoss.com.mx\/index.php\/wp-json\/wp\/v2\/media?parent=10"}],"curies":[{"name":"wp","href":"https:\/\/api.w.org\/{rel}","templated":true}]}}